{"id":11489,"date":"2021-02-05T14:24:54","date_gmt":"2021-02-05T17:24:54","guid":{"rendered":"https:\/\/leocut.com.ar\/web\/?page_id=11489"},"modified":"2025-08-22T14:57:40","modified_gmt":"2025-08-22T17:57:40","slug":"juegos","status":"publish","type":"page","link":"https:\/\/leocut.com.ar\/web\/juegos\/","title":{"rendered":"LEOCUT Juegos!"},"content":{"rendered":"<div class=\"wpb-content-wrapper\"><p>[vc_row row_content_width=\u00bbgrid\u00bb content_text_aligment=\u00bbcenter\u00bb][vc_column]<div class=\"mkdf-info-section  mkdf-dark mkdf-center\">\n\n            <var class=\"mkdf-is-background-text\" style=\"font-size:225px\" id=\"mkdf-is-background-text-914\" >\n        Juegos        <\/var>\n    \n    <div class=\"mkdf-is-inner\" style=\"padding-top:112.5px;width:66%\">\n\n        \n                    <h3 class=\"mkdf-is-title\">\n            ENCONTR\u00c1 AQU\u00cd LA SOLUCI\u00d3N A NUESTROS JUEGOS DEL SAL\u00d3N            <\/h3>\n        \n        \n        \n    <\/div>\n<\/div>[\/vc_column][vc_column parallax=\u00bbcontent-moving\u00bb css=\u00bb.vc_custom_1732595148421{padding-top: 50px !important;}\u00bb][vc_masonry_media_grid css=\u00bb\u00bb grid_id=\u00bbvc_gid:1755885350047-57458c2a-312e-4&#8243; include=\u00bb11495,11494,11493,11492,11491&#8243;][\/vc_column][\/vc_row][vc_row do_blocks=\u00bbfalse\u00bb][vc_column][vc_gutenberg css=\u00bb\u00bb el_id=\u00bbFull View Calendar\u00bb]<\/p>\r\n<p>Hello! This is the Gutenberg block you can edit directly from the WPBakery Page Builder.<\/p>\r\n<p>[\/vc_gutenberg][\/vc_column][\/vc_row]<\/p>\r\n<\/div>","protected":false},"excerpt":{"rendered":"<p>[vc_row row_content_width=\u00bbgrid\u00bb content_text_aligment=\u00bbcenter\u00bb][vc_column][\/vc_column][vc_column parallax=\u00bbcontent-moving\u00bb css=\u00bb.vc_custom_1732595148421{padding-top: 50px !important;}\u00bb][vc_masonry_media_grid css=\u00bb\u00bb grid_id=\u00bbvc_gid:1755885350047-57458c2a-312e-4&#8243; include=\u00bb11495,11494,11493,11492,11491&#8243;][\/vc_column][\/vc_row][vc_row do_blocks=\u00bbfalse\u00bb][vc_column][vc_gutenberg css=\u00bb\u00bb el_id=\u00bbFull View Calendar\u00bb] Hello! This is the Gutenberg block you can edit directly from the WPBakery Page Builder. [\/vc_gutenberg][\/vc_column][\/vc_row]<\/p>\n","protected":false},"author":2,"featured_media":0,"parent":0,"menu_order":0,"comment_status":"closed","ping_status":"closed","template":"","meta":{"footnotes":""},"class_list":["post-11489","page","type-page","status-publish","hentry"],"_links":{"self":[{"href":"https:\/\/leocut.com.ar\/web\/wp-json\/wp\/v2\/pages\/11489","targetHints":{"allow":["GET"]}}],"collection":[{"href":"https:\/\/leocut.com.ar\/web\/wp-json\/wp\/v2\/pages"}],"about":[{"href":"https:\/\/leocut.com.ar\/web\/wp-json\/wp\/v2\/types\/page"}],"author":[{"embeddable":true,"href":"https:\/\/leocut.com.ar\/web\/wp-json\/wp\/v2\/users\/2"}],"replies":[{"embeddable":true,"href":"https:\/\/leocut.com.ar\/web\/wp-json\/wp\/v2\/comments?post=11489"}],"version-history":[{"count":33,"href":"https:\/\/leocut.com.ar\/web\/wp-json\/wp\/v2\/pages\/11489\/revisions"}],"predecessor-version":[{"id":29205,"href":"https:\/\/leocut.com.ar\/web\/wp-json\/wp\/v2\/pages\/11489\/revisions\/29205"}],"wp:attachment":[{"href":"https:\/\/leocut.com.ar\/web\/wp-json\/wp\/v2\/media?parent=11489"}],"curies":[{"name":"wp","href":"https:\/\/api.w.org\/{rel}","templated":true}]}}