{"id":27909,"date":"2024-07-10T14:19:36","date_gmt":"2024-07-10T17:19:36","guid":{"rendered":"https:\/\/leocut.com.ar\/web\/?page_id=27909"},"modified":"2025-06-03T14:53:45","modified_gmt":"2025-06-03T17:53:45","slug":"encuesta-de-satisfaccion","status":"publish","type":"page","link":"https:\/\/leocut.com.ar\/web\/encuesta-de-satisfaccion\/","title":{"rendered":"LEOCUT Encuesta de Satisfacci\u00f3n!"},"content":{"rendered":"\n<div class=\"wpcf7 no-js\" id=\"wpcf7-f27914-o1\" lang=\"es-ES\" dir=\"ltr\" data-wpcf7-id=\"27914\">\n<div class=\"screen-reader-response\"><p role=\"status\" aria-live=\"polite\" aria-atomic=\"true\"><\/p> <ul><\/ul><\/div>\n<form action=\"\/web\/wp-json\/wp\/v2\/pages\/27909#wpcf7-f27914-o1\" method=\"post\" class=\"wpcf7-form init\" aria-label=\"Formulario de contacto\" novalidate=\"novalidate\" data-status=\"init\">\n<fieldset class=\"hidden-fields-container\"><input type=\"hidden\" name=\"_wpcf7\" value=\"27914\" \/><input type=\"hidden\" name=\"_wpcf7_version\" value=\"6.1.6\" \/><input type=\"hidden\" name=\"_wpcf7_locale\" value=\"es_ES\" \/><input type=\"hidden\" name=\"_wpcf7_unit_tag\" value=\"wpcf7-f27914-o1\" \/><input type=\"hidden\" name=\"_wpcf7_container_post\" value=\"0\" \/><input type=\"hidden\" name=\"_wpcf7_posted_data_hash\" value=\"\" \/><input type=\"hidden\" name=\"_wpcf7_recaptcha_response\" value=\"\" \/>\n<\/fieldset>\n<p><label><b> Tu nombre<\/b><br \/>\n<span class=\"wpcf7-form-control-wrap\" data-name=\"your-name\"><input size=\"40\" maxlength=\"400\" class=\"wpcf7-form-control wpcf7-text wpcf7-validates-as-required\" autocomplete=\"name\" aria-required=\"true\" aria-invalid=\"false\" value=\"\" type=\"text\" name=\"your-name\" \/><\/span> <\/label>\n<\/p>\n<p><label><b> Tu correo electr\u00f3nico<\/b><br \/>\n<span class=\"wpcf7-form-control-wrap\" data-name=\"your-email\"><input size=\"40\" maxlength=\"400\" class=\"wpcf7-form-control wpcf7-email wpcf7-validates-as-required wpcf7-text wpcf7-validates-as-email\" autocomplete=\"email\" aria-required=\"true\" aria-invalid=\"false\" value=\"\" type=\"email\" name=\"your-email\" \/><\/span> <\/label>\n<\/p>\n<p><label><b> Telefono de contacto <\/b><br \/>\n<span class=\"wpcf7-form-control-wrap\" data-name=\"telefono\"><input size=\"40\" maxlength=\"400\" class=\"wpcf7-form-control wpcf7-tel wpcf7-validates-as-required wpcf7-text wpcf7-validates-as-tel\" aria-required=\"true\" aria-invalid=\"false\" value=\"\" type=\"tel\" name=\"telefono\" \/><\/span><\/label>\n<\/p>\n<p><label><b>Asunto<\/b><br \/>\n<span class=\"wpcf7-form-control-wrap\" data-name=\"your-subject\"><input size=\"40\" maxlength=\"400\" class=\"wpcf7-form-control wpcf7-text wpcf7-validates-as-required\" aria-required=\"true\" aria-invalid=\"false\" value=\"Encuesta de Satisfacci\u00f3n\" type=\"text\" name=\"your-subject\" \/><\/span> <\/label>\n<\/p>\n<p><label><b> \u00bfEn cu\u00e1l sucursal te atendiste?<\/b><\/label>\n<\/p>\n<p><span class=\"wpcf7-form-control-wrap\" data-name=\"checkbox-90\"><span class=\"wpcf7-form-control wpcf7-checkbox wpcf7-validates-as-required wpcf7-exclusive-checkbox\"><span class=\"wpcf7-list-item first\"><label><input type=\"checkbox\" name=\"checkbox-90\" value=\"MAISON\" \/><span class=\"wpcf7-list-item-label\">MAISON<\/span><\/label><\/span><span class=\"wpcf7-list-item\"><label><input type=\"checkbox\" name=\"checkbox-90\" value=\"CITY\" \/><span class=\"wpcf7-list-item-label\">CITY<\/span><\/label><\/span><span class=\"wpcf7-list-item last\"><label><input type=\"checkbox\" name=\"checkbox-90\" value=\"ESPEJO\" \/><span class=\"wpcf7-list-item-label\">ESPEJO<\/span><\/label><\/span><\/span><\/span>\n<\/p>\n<p><label> <b>\u00bfC\u00f3mo calific\u00e1s el trato y la cordialidad del profesional que te atendi\u00f3?<\/b> <\/label>\n<\/p>\n<p><span class=\"wpcf7-form-control-wrap\" data-name=\"checkbox-91\"><span class=\"wpcf7-form-control wpcf7-checkbox wpcf7-validates-as-required wpcf7-exclusive-checkbox\"><span class=\"wpcf7-list-item first\"><label><input type=\"checkbox\" name=\"checkbox-91\" value=\"EXCELENTE\" \/><span class=\"wpcf7-list-item-label\">EXCELENTE<\/span><\/label><\/span><span class=\"wpcf7-list-item\"><label><input type=\"checkbox\" name=\"checkbox-91\" value=\"MUY BIEN\" \/><span class=\"wpcf7-list-item-label\">MUY BIEN<\/span><\/label><\/span><span class=\"wpcf7-list-item\"><label><input type=\"checkbox\" name=\"checkbox-91\" value=\"BIEN\" \/><span class=\"wpcf7-list-item-label\">BIEN<\/span><\/label><\/span><span class=\"wpcf7-list-item\"><label><input type=\"checkbox\" name=\"checkbox-91\" value=\"REGULAR\" \/><span class=\"wpcf7-list-item-label\">REGULAR<\/span><\/label><\/span><span class=\"wpcf7-list-item\"><label><input type=\"checkbox\" name=\"checkbox-91\" value=\"MAL\" \/><span class=\"wpcf7-list-item-label\">MAL<\/span><\/label><\/span><span class=\"wpcf7-list-item last\"><label><input type=\"checkbox\" name=\"checkbox-91\" value=\"NO SE\" \/><span class=\"wpcf7-list-item-label\">NO SE<\/span><\/label><\/span><\/span><\/span>\n<\/p>\n<p><label> <b>\u00bfC\u00f3mo calific\u00e1s su desempe\u00f1o? <\/b><\/label>\n<\/p>\n<p><span class=\"wpcf7-form-control-wrap\" data-name=\"checkbox-92\"><span class=\"wpcf7-form-control wpcf7-checkbox wpcf7-validates-as-required wpcf7-exclusive-checkbox\"><span class=\"wpcf7-list-item first\"><label><input type=\"checkbox\" name=\"checkbox-92\" value=\"EXCELENTE\" \/><span class=\"wpcf7-list-item-label\">EXCELENTE<\/span><\/label><\/span><span class=\"wpcf7-list-item\"><label><input type=\"checkbox\" name=\"checkbox-92\" value=\"MUY BIEN\" \/><span class=\"wpcf7-list-item-label\">MUY BIEN<\/span><\/label><\/span><span class=\"wpcf7-list-item\"><label><input type=\"checkbox\" name=\"checkbox-92\" value=\"BIEN\" \/><span class=\"wpcf7-list-item-label\">BIEN<\/span><\/label><\/span><span class=\"wpcf7-list-item\"><label><input type=\"checkbox\" name=\"checkbox-92\" value=\"REGULAR\" \/><span class=\"wpcf7-list-item-label\">REGULAR<\/span><\/label><\/span><span class=\"wpcf7-list-item\"><label><input type=\"checkbox\" name=\"checkbox-92\" value=\"MAL\" \/><span class=\"wpcf7-list-item-label\">MAL<\/span><\/label><\/span><span class=\"wpcf7-list-item last\"><label><input type=\"checkbox\" name=\"checkbox-92\" value=\"NO SE\" \/><span class=\"wpcf7-list-item-label\">NO SE<\/span><\/label><\/span><\/span><\/span>\n<\/p>\n<p><label><b> \u00bfC\u00f3mo calific\u00e1s el confort, orden y limpieza del local?<\/b> <\/label>\n<\/p>\n<p><span class=\"wpcf7-form-control-wrap\" data-name=\"checkbox-93\"><span class=\"wpcf7-form-control wpcf7-checkbox wpcf7-validates-as-required wpcf7-exclusive-checkbox\"><span class=\"wpcf7-list-item first\"><label><input type=\"checkbox\" name=\"checkbox-93\" value=\"EXCELENTE\" \/><span class=\"wpcf7-list-item-label\">EXCELENTE<\/span><\/label><\/span><span class=\"wpcf7-list-item\"><label><input type=\"checkbox\" name=\"checkbox-93\" value=\"MUY BIEN\" \/><span class=\"wpcf7-list-item-label\">MUY BIEN<\/span><\/label><\/span><span class=\"wpcf7-list-item\"><label><input type=\"checkbox\" name=\"checkbox-93\" value=\"BIEN\" \/><span class=\"wpcf7-list-item-label\">BIEN<\/span><\/label><\/span><span class=\"wpcf7-list-item\"><label><input type=\"checkbox\" name=\"checkbox-93\" value=\"REGULAR\" \/><span class=\"wpcf7-list-item-label\">REGULAR<\/span><\/label><\/span><span class=\"wpcf7-list-item\"><label><input type=\"checkbox\" name=\"checkbox-93\" value=\"MAL\" \/><span class=\"wpcf7-list-item-label\">MAL<\/span><\/label><\/span><span class=\"wpcf7-list-item last\"><label><input type=\"checkbox\" name=\"checkbox-93\" value=\"NO SE\" \/><span class=\"wpcf7-list-item-label\">NO SE<\/span><\/label><\/span><\/span><\/span>\n<\/p>\n<p><label><b> \u00bfEl tiempo de espera te pareci\u00f3 razonable? <\/b><\/label>\n<\/p>\n<p><span class=\"wpcf7-form-control-wrap\" data-name=\"checkbox-94\"><span class=\"wpcf7-form-control wpcf7-checkbox wpcf7-validates-as-required wpcf7-exclusive-checkbox\"><span class=\"wpcf7-list-item first\"><label><input type=\"checkbox\" name=\"checkbox-94\" value=\"SI\" \/><span class=\"wpcf7-list-item-label\">SI<\/span><\/label><\/span><span class=\"wpcf7-list-item\"><label><input type=\"checkbox\" name=\"checkbox-94\" value=\"NO\" \/><span class=\"wpcf7-list-item-label\">NO<\/span><\/label><\/span><span class=\"wpcf7-list-item last\"><label><input type=\"checkbox\" name=\"checkbox-94\" value=\"NO SE\" \/><span class=\"wpcf7-list-item-label\">NO SE<\/span><\/label><\/span><\/span><\/span>\n<\/p>\n<p><label><b> \u00bfPudiste resolver tu necesidad en la sucursal? <\/b><\/label>\n<\/p>\n<p><span class=\"wpcf7-form-control-wrap\" data-name=\"checkbox-95\"><span class=\"wpcf7-form-control wpcf7-checkbox wpcf7-validates-as-required wpcf7-exclusive-checkbox\"><span class=\"wpcf7-list-item first\"><label><input type=\"checkbox\" name=\"checkbox-95\" value=\"SI\" \/><span class=\"wpcf7-list-item-label\">SI<\/span><\/label><\/span><span class=\"wpcf7-list-item\"><label><input type=\"checkbox\" name=\"checkbox-95\" value=\"NO\" \/><span class=\"wpcf7-list-item-label\">NO<\/span><\/label><\/span><span class=\"wpcf7-list-item last\"><label><input type=\"checkbox\" name=\"checkbox-95\" value=\"NO SE\" \/><span class=\"wpcf7-list-item-label\">NO SE<\/span><\/label><\/span><\/span><\/span>\n<\/p>\n<p><label><b> \u00bfEn s\u00edntesis, c\u00f3mo calificar\u00edas la atenci\u00f3n general de la sucursal? <\/b><\/label>\n<\/p>\n<p><span class=\"wpcf7-form-control-wrap\" data-name=\"checkbox-96\"><span class=\"wpcf7-form-control wpcf7-checkbox wpcf7-validates-as-required wpcf7-exclusive-checkbox\"><span class=\"wpcf7-list-item first\"><label><input type=\"checkbox\" name=\"checkbox-96\" value=\"1\" \/><span class=\"wpcf7-list-item-label\">1<\/span><\/label><\/span><span class=\"wpcf7-list-item\"><label><input type=\"checkbox\" name=\"checkbox-96\" value=\"2\" \/><span class=\"wpcf7-list-item-label\">2<\/span><\/label><\/span><span class=\"wpcf7-list-item\"><label><input type=\"checkbox\" name=\"checkbox-96\" value=\"3\" \/><span class=\"wpcf7-list-item-label\">3<\/span><\/label><\/span><span class=\"wpcf7-list-item\"><label><input type=\"checkbox\" name=\"checkbox-96\" value=\"4\" \/><span class=\"wpcf7-list-item-label\">4<\/span><\/label><\/span><span class=\"wpcf7-list-item\"><label><input type=\"checkbox\" name=\"checkbox-96\" value=\"5\" \/><span class=\"wpcf7-list-item-label\">5<\/span><\/label><\/span><span class=\"wpcf7-list-item\"><label><input type=\"checkbox\" name=\"checkbox-96\" value=\"6\" \/><span class=\"wpcf7-list-item-label\">6<\/span><\/label><\/span><span class=\"wpcf7-list-item\"><label><input type=\"checkbox\" name=\"checkbox-96\" value=\"7\" \/><span class=\"wpcf7-list-item-label\">7<\/span><\/label><\/span><span class=\"wpcf7-list-item\"><label><input type=\"checkbox\" name=\"checkbox-96\" value=\"8\" \/><span class=\"wpcf7-list-item-label\">8<\/span><\/label><\/span><span class=\"wpcf7-list-item\"><label><input type=\"checkbox\" name=\"checkbox-96\" value=\"9\" \/><span class=\"wpcf7-list-item-label\">9<\/span><\/label><\/span><span class=\"wpcf7-list-item last\"><label><input type=\"checkbox\" name=\"checkbox-96\" value=\"10\" \/><span class=\"wpcf7-list-item-label\">10<\/span><\/label><\/span><\/span><\/span>\n<\/p>\n<p><label> Algo m\u00e1s que nos quieras contar (opcional)<br \/>\n<span class=\"wpcf7-form-control-wrap\" data-name=\"your-message\"><textarea cols=\"40\" rows=\"10\" maxlength=\"2000\" class=\"wpcf7-form-control wpcf7-textarea\" aria-invalid=\"false\" name=\"your-message\"><\/textarea><\/span> <\/label>\n<\/p>\n<p><input class=\"wpcf7-form-control wpcf7-submit has-spinner\" type=\"submit\" value=\"Enviar\" \/>\n<\/p><p style=\"display: none !important;\" class=\"akismet-fields-container\" data-prefix=\"_wpcf7_ak_\"><label>&#916;<textarea name=\"_wpcf7_ak_hp_textarea\" cols=\"45\" rows=\"8\" maxlength=\"100\"><\/textarea><\/label><input type=\"hidden\" id=\"ak_js_1\" name=\"_wpcf7_ak_js\" value=\"8\"\/><script type=\"text\/javascript\">\n\/* <![CDATA[ *\/\ndocument.getElementById( \"ak_js_1\" ).setAttribute( \"value\", ( new Date() ).getTime() );\n\/* ]]> *\/\n<\/script>\n<\/p><div class=\"wpcf7-response-output\" aria-hidden=\"true\"><\/div>\n<\/form>\n<\/div>\n\n","protected":false},"excerpt":{"rendered":"Tu nombre Tu correo electr\u00f3nico Telefono de contacto Asunto \u00bfEn cu\u00e1l sucursal te atendiste? MAISONCITYESPEJO \u00bfC\u00f3mo calific\u00e1s el trato y la cordialidad del profesional que te atendi\u00f3? EXCELENTEMUY BIENBIENREGULARMALNO SE \u00bfC\u00f3mo calific\u00e1s su desempe\u00f1o? EXCELENTEMUY BIENBIENREGULARMALNO SE \u00bfC\u00f3mo calific\u00e1s el [...]","protected":false},"author":2,"featured_media":0,"parent":0,"menu_order":0,"comment_status":"closed","ping_status":"closed","template":"","meta":{"footnotes":""},"class_list":["post-27909","page","type-page","status-publish","hentry"],"_links":{"self":[{"href":"https:\/\/leocut.com.ar\/web\/wp-json\/wp\/v2\/pages\/27909","targetHints":{"allow":["GET"]}}],"collection":[{"href":"https:\/\/leocut.com.ar\/web\/wp-json\/wp\/v2\/pages"}],"about":[{"href":"https:\/\/leocut.com.ar\/web\/wp-json\/wp\/v2\/types\/page"}],"author":[{"embeddable":true,"href":"https:\/\/leocut.com.ar\/web\/wp-json\/wp\/v2\/users\/2"}],"replies":[{"embeddable":true,"href":"https:\/\/leocut.com.ar\/web\/wp-json\/wp\/v2\/comments?post=27909"}],"version-history":[{"count":6,"href":"https:\/\/leocut.com.ar\/web\/wp-json\/wp\/v2\/pages\/27909\/revisions"}],"predecessor-version":[{"id":30236,"href":"https:\/\/leocut.com.ar\/web\/wp-json\/wp\/v2\/pages\/27909\/revisions\/30236"}],"wp:attachment":[{"href":"https:\/\/leocut.com.ar\/web\/wp-json\/wp\/v2\/media?parent=27909"}],"curies":[{"name":"wp","href":"https:\/\/api.w.org\/{rel}","templated":true}]}}