{"id":2852,"date":"2020-05-18T16:57:09","date_gmt":"2020-05-18T19:57:09","guid":{"rendered":"https:\/\/leocut.com.ar\/web\/?page_id=2852"},"modified":"2025-06-03T14:57:56","modified_gmt":"2025-06-03T17:57:56","slug":"terminosycondiciones","status":"publish","type":"page","link":"https:\/\/leocut.com.ar\/web\/leocutstore\/terminosycondiciones\/","title":{"rendered":"LEOCUT T\u00e9rminos y Condiciones!"},"content":{"rendered":"\n<p>Las presentes disposiciones generales ser\u00e1n aplicables y regir\u00e1n para poder operar en el sitio y\/o bien hacer uso de los servicios que se ofrecen en www.leocut.com.ar (en adelante, indistintamente, \u201cel sitio\u201d o LEOCUT), el cual es operado por EL CORTE S.A. ( en adelante \u201cLa Empresa\u201d) , con domicilio en Sargento Cabral 304 de la ciudad de Mendoza. El usuario de este sitio, al ingresar al mismo, acepta y declara conocer los presentes T\u00e9rminos y Condiciones de uso del mismo, los cuales se detallan a continuaci\u00f3n. De no aceptar estos T\u00e9rminos y Condiciones deber\u00e1 abstenerse a continuar operando en el sitio.<\/p>\n\n\n\n<p>La vigencia de los presentes T\u00e9rminos y Condiciones se mantendr\u00e1 mientras se encuentren los mismos publicados en \u201cel sitio\u201d pudiendo \u201cLa Empresa\u201d modificarlos sin previo aviso. En virtud de ello se recomienda al usuario que revise peri\u00f3dicamente los presentes T\u00e9rminos y Condiciones. Cualquier modificaci\u00f3n que se introduzca estar\u00e1 vigente a partir de su publicaci\u00f3n en \u201cel sitio\u201d y el uso del sitio con posterioridad a la modificaci\u00f3n implica aceptaci\u00f3n de dichos cambios por parte del usuario.<\/p>\n\n\n\n<p>Podr\u00e1n operar en \u201cel sitio\u201d personas que sean capaces para contratar conforme lo establecido por el C\u00f3digo Civil y leyes aplicables (en adelante el usuario). No podr\u00e1n hacer uso del sitio aquellas personas que no tengan dicha capacidad legal.<\/p>\n\n\n\n<p>Este sitio constituye una plataforma virtual a trav\u00e9s de la cual cualquier usuario registrado en \u00e9l puede comprar los productos que se ofrezcan en el mismo y que se encuentren disponibles, conforme las condiciones que a continuaci\u00f3n se detallar\u00e1n. La informaci\u00f3n contenida en la misma no implica recomendaci\u00f3n ni asesoramiento de ning\u00fan tipo, siendo informaci\u00f3n de car\u00e1cter de general.<\/p>\n\n\n\n<p>En el sitio pueden existir enlaces que permitan al usuario acceder a sitios de terceros. De existir dichos enlaces, los mismos no podr\u00e1n interpretarse como asociaci\u00f3n de ning\u00fan tipo entre el sitio y dichos terceros. El usuario declara conocer que el acceso a otros sitios implicar\u00e1 someterse a los t\u00e9rminos y condiciones de los mismos, que podr\u00e1n ser distintos al presente.<\/p>\n\n\n\n<p><h4>REGLAS PARA EL USO DEL SITIO WEB www.leocut.com.ar:<\/h4><\/p>\n\n\n\n<p>El usuario y LEOCUT est\u00e1n de acuerdo en que la utilizaci\u00f3n del sitio web www.leocut.com.ar se sujetar\u00e1 a las siguientes reglas:<\/p>\n\n\n\n<p><h4>COMPRA<\/h4><\/p>\n\n\n\n<p>Para poder realizar compras el usuario interesado deber\u00e1 registrarse en el sitio consignando la totalidad de informaci\u00f3n personal que se requiera. El usuario se obliga a que la informaci\u00f3n que consignar\u00e1 en todo momento, tanto al registrarse en el sitio como al efectuar una compra, y\/o en cualquier otra ocasi\u00f3n en que deba consignarse informaci\u00f3n, ser\u00e1 correcta y fehaciente, comprometi\u00e9ndose a actualizar la misma en caso de ser necesario, y haci\u00e9ndose enteramente responsable por los da\u00f1os y perjuicios que pudiera causar la inclusi\u00f3n de cualquier informaci\u00f3n incorrecta o imprecisa que consigne al registrarse, incluyendo cualquier gasto en que pudiera incurrir el sitio como consecuencia de ello. Asimismo, el usuario reconoce y acepta que las claves o contrase\u00f1as que consigne ser\u00e1n de uso personal y se obliga a no divulgar las mismas. En caso en que el usuario detecte el uso no autorizado por un tercero de su contrase\u00f1a o clave, se obliga a notificar de inmediato al sitio de dicha circunstancia.<\/p>\n\n\n\n<p>El sitio ha sido dise\u00f1ado para que cualquier consumidor pueda realizar en \u00e9l compras de los productos que en el mismo se ofrecen sujeto al stock disponible al momento de la compra. En https:\/\/leocut.com.ar\/web\/compras-on-line\/ el usuario del sitio podr\u00e1 consultar c\u00f3mo realizar compras en \u00e9l. El \u00fanico medio por el cual LEOCUT comercializa productos es a trav\u00e9s del sitio. El usuario declara conocer y aceptar que al momento de confirmar la operaci\u00f3n que efect\u00fae est\u00e1 constituir\u00e1 una operaci\u00f3n de compra-venta, aplic\u00e1ndose a las mismas todas las normas legales correspondientes a ella.<\/p>\n\n\n\n<p><h4>DISPONIBILIDAD DE STOCK<\/h4><\/p>\n\n\n\n<p>El consumidor declara conocer que en virtud del dinamismo del sitio y que en el mismo pueden estar efectuando operaciones muchos consumidores a la vez, puede suceder que al momento de concretar la operaci\u00f3n el producto ya no se encuentre disponible. Asimismo, una compra podr\u00e1 no ser concretada en funci\u00f3n del stock de mercader\u00eda disponible y\/o por no haber sido aprobada la operaci\u00f3n por la entidad emisora de la tarjeta de cr\u00e9dito con la que el consumidor opere y\/o por no obtener el sitio la aprobaci\u00f3n de la empresa contratada a tal efecto a los fines de evaluar el riesgo crediticio del usuario, etc. Las razones referidas, han sido enumeradas al mero t\u00edtulo ejemplificativo. Asimismo, el consumidor reconoce aceptar que el sitio podr\u00e1 requerirle datos adicionales con el objeto de poder concretar la operaci\u00f3n. En caso de no confirmarse la operaci\u00f3n, el sitio comunicar\u00e1 al usuario de dicha circunstancia mediante el env\u00edo de un correo electr\u00f3nico que ser\u00e1 cursado por el sitio.<\/p>\n\n\n\n<p>En caso de confirmarse la compra, el usuario recibir\u00e1 un correo electr\u00f3nico una vez que el pedido haya sido realizado. De no recibir alguna de las dos comunicaciones anteriormente mencionadas el usuario deber\u00e1 contactarse con el sitio enviando un mail a adm@www.leocut.com.ar. Debido a que la comercializaci\u00f3n de productos a trav\u00e9s del sitio tiene como fin la venta al por menor, el sitio se reserva el derecho de limitar la cantidad de art\u00edculos que cada usuario podr\u00e1n adquirir.<\/p>\n\n\n\n<p><h4>REBAJAS\/PROMOCIONES<\/h4><\/p>\n\n\n\n<p>El sitio puede realizar promociones especiales. Las mismas pueden no estar vigentes permanentemente, y se encontrar\u00e1n publicadas en \u201cel sitio\u201d. Las distintas promociones que pudieran estar vigentes, no son acumulativas. En el supuesto de existir excepciones, ello se establecer\u00e1 expresamente en el sitio.<\/p>\n\n\n\n<p><h4>ENV\u00cdOS Y COSTOS<\/h4><\/p>\n\n\n\n<p>Las formas de env\u00edo depender\u00e1n de la ubicaci\u00f3n geogr\u00e1fica del domicilio de entrega del comprador o usuario. El usuario deber\u00e1 recibir personalmente la mercader\u00eda adquirida exhibiendo su DNI como condici\u00f3n para recibirla, o bien podr\u00e1 recibir la mercader\u00eda un tercero mediante la presentaci\u00f3n del DNI del usuario comprador o de la persona que el usuario haya designado como receptor( como por ejemplo, si se tratara de un regalo). Al concretar la operaci\u00f3n, el usuario se est\u00e1 obligando a revisar la mercader\u00eda al momento de recibirla en el domicilio que \u00e9ste consigne. La firma del remito correspondiente implicar\u00e1 la aceptaci\u00f3n de la mercader\u00eda adquirida, sin perjuicio de los derechos que al usuario le asisten conforme la ley. En el caso de que se tratase de un env\u00edo al interior realizado a trav\u00e9s de una empresa de transporte ( courrier\/expreso\/transporte, etc) y el paquete y\/o producto llegase da\u00f1ado y\/o roto como consecuencia del mal trato del transportista, ser\u00e1 este \u00faltimo el responsable de reembolsar el costo de la compra.<\/p>\n\n\n\n<p>Dependiendo del tipo de compra que realice el usuario y las condiciones vigentes, la operaci\u00f3n podr\u00e1 tener o no costo de env\u00edo.<\/p>\n\n\n\n<p>Cualquier costo adicional que se genere como consecuencia de errores en el ingreso de datos por parte del Usuario as\u00ed como tambi\u00e9n de problemas que se deban a su exclusiva actuaci\u00f3n, correr\u00e1n por cuenta del comprador.<\/p>\n\n\n\n<p><h4>FORMAS DE PAGO DE LOS PRODUCTOS:<\/h4><\/p>\n\n\n\n<p>Las formas de pago disponibles se encuentran detalladas en https:\/\/leocut.com.ar\/web\/compras-on-line\/finalizar-compra\/ las cuales podr\u00e1n variar a mera discreci\u00f3n del sitio. Cualquier variaci\u00f3n al respecto ser\u00e1 expresamente indicada en el referido link.<\/p>\n\n\n\n<p><h4>POL\u00cdTICA DE CAMBIOS<\/h4><\/p>\n\n\n\n<p>Aceptamos cambio solo en el caso de que el producto comprado y recibido sea defectuoso o no funcione. No hacemos cambio de un producto por otro distinto. En el caso de tratarse de un regalo que desee cambiarse por otro, \u201cLa Empresa\u201d aceptar\u00e1 la devoluci\u00f3n del producto recibido solo si se encuentra en perfectas condiciones haci\u00e9ndose cargo el receptor del regalo del costo de devoluci\u00f3n que el transporte genera. El cambio ser\u00e1 por un art\u00edculo del mismo valor o mayor. El costo del env\u00edo de dicho cambio, correr\u00e1 por cuenta del receptor del regalo, qui\u00e9n solicit\u00f3 el cambio. Para cualquiera de los dos (2) casos de cambio mencionados, el receptor contar\u00e1 con un plazo de diez (10) d\u00edas corridos para el cambio, contados a partir de la fecha en que sea recibido el producto en cuesti\u00f3n. Conforme lo establece el art. 34 de la ley 24.240 de Defensa del Consumidor tendr\u00e1 tambi\u00e9n el consumidor diez (10) d\u00edas contados a partir de la operaci\u00f3n para poder revocar la compra. En tal caso, el usuario deber\u00e1 reintegrar el producto comunic\u00e1ndose v\u00eda mail a info@leocut.com.ar de Lunes a Viernes de 9 a 17 hs para coordinar la devoluci\u00f3n del producto y reintegro del pago, el cual deber\u00e1 estar sin uso y en perfecto estado, con sus etiquetas, envoltorios y todos los accesorios adicionales que pudieren corresponder. Vale aclarar que el sitio no es el fabricante de la mercader\u00eda que comercializa, en tal sentido, \u201cLa Empresa\u201d no se responsabiliza por las consecuencias ocasionadas por el indebido\/ mal uso del producto.<\/p>\n\n\n\n<p><h4>PROPIEDAD INTELECTUAL:<\/h4><\/p>\n\n\n\n<p>LEOCUT, el sitio web www.leocut.com.ar, sus logotipos y todo el material que aparece en dicho sitio, son marcas, nombres de dominio, avisos comerciales y nombres comerciales propiedad de sus respectivos titulares y est\u00e1n protegidos por los tratados internacionales y las leyes aplicables en materia de propiedad industrial, Ley 11.723.<\/p>\n\n\n\n<p>Los derechos de autor sobre el contenido, organizaci\u00f3n, recopilaci\u00f3n, compilaci\u00f3n, informaci\u00f3n, logotipos, fotograf\u00edas, im\u00e1genes, programas, aplicaciones, y en general cualquier informaci\u00f3n contenida o publicada en el sitio web www.leocut.com.ar se encuentran debidamente protegidos a favor de sus respectivos propietarios y correctamente licenciados, de conformidad con la legislaci\u00f3n aplicable en materia de propiedad intelectual e industrial.<\/p>\n\n\n\n<p>Se proh\u00edbe expresamente al usuario modificar, alterar o suprimir, ya sea en forma total o parcial, los avisos, marcas, nombres comerciales, se\u00f1as, anuncios, logotipos,fotos, o en general cualquier indicaci\u00f3n que se refiera a la propiedad de la informaci\u00f3n contenida en el sitio<\/p>\n\n\n\n<p>Es nuestra pol\u00edtica actuar contra las violaciones que en materia de propiedad intelectual se pudieran generar u originar seg\u00fan lo estipulado en la legislaci\u00f3n y en otras leyes de propiedad intelectual aplicables, incluyendo la eliminaci\u00f3n o el bloqueo del acceso a material que se encuentra sujeto a actividades que infrinjan el derecho de propiedad intelectual de terceros.<\/p>\n\n\n\n<p>En caso de que alg\u00fan usuario o tercero consideren que cualquiera de los contenidos que se encuentren o sean introducidos en el sitio www.leocut.com.ar y\/o cualquiera de sus servicios, violen sus derechos de propiedad intelectual deber\u00e1n enviar una notificaci\u00f3n a la siguiente direcci\u00f3n de correo electr\u00f3nico:info@leocut.com.ar, en la que indiquen: i) datos personales ver\u00eddicos (nombre, direcci\u00f3n, n\u00famero de tel\u00e9fono y direcci\u00f3n de correo electr\u00f3nico del reclamante); ii) firma aut\u00f3grafa con los datos personales del titular de los derechos de propiedad intelectual; iii) indicaci\u00f3n precisa y completa del (los) contenido (s) protegido (s) mediante los derechos de propiedad intelectual supuestamente infringidos, as\u00ed como la localizaci\u00f3n de dichas violaciones en el sitio web referido; iv) declaraci\u00f3n expresa y clara de que la introducci\u00f3n del (los) contenido (s) indicado (s) se ha realizado sin el consentimiento del titular de los derechos de propiedad intelectual supuestamente infringidos; v) declaraci\u00f3n expresa, clara y bajo la responsabilidad del reclamante de que la informaci\u00f3n proporcionada en la notificaci\u00f3n es exacta y de que la introducci\u00f3n del (los) contenido (s) constituye una violaci\u00f3n de dichos derechos.<\/p>\n\n\n\n<p><h4>T\u00c9RMINOS ADICIONALES:<\/h4><\/p>\n\n\n\n<p>Ocasionalmente, \u201cLa Empresa\u201d podr\u00e1 revisar, actualizar y\/o agregar a los T\u00e9rminos y Condiciones de Uso del presente contrato provisiones adicionales relativas a \u00e1reas espec\u00edficas o nuevos servicios que se proporcionen en o a trav\u00e9s del sitio web www.leocut.com.ar, los cuales ser\u00e1n publicados en las \u00e1reas espec\u00edficas o nuevos servicios de dicho sitio para su lectura y aceptaci\u00f3n. El usuario reconoce y acepta que dichos t\u00e9rminos adicionales forman parte integrante del presente contrato para todos los efectos legales a que haya lugar.<\/p>\n\n\n\n<p><h4>PROHIBICIONES AL USUARIO Y SUS RESPONSABILIDADES.<\/h4><\/p>\n\n\n\n<p>Est\u00e1 terminantemente prohibido al Usuario explotar de cualquier forma las informaciones adquiridas por medio del Sitio. No podr\u00e1 reproducir los textos o im\u00e1genes para otros fines que los exclusivos del objeto de compra.<\/p>\n\n\n\n<p>Ser\u00e1 responsabilidad del Usuario cualquier acto que se derive del uso del sitio y que implique un da\u00f1o a \u201cLa Empresa\u201d o a terceros y acepta mantener indemne a estos, respecto de y contra cualquier reclamo por parte de terceros, derivado o relacionado con el uso inadecuado del Sitio o por la violaci\u00f3n de las presentes Condiciones de Uso y sus respectivas modificaciones, o que surja de dicho uso y\/o a causa de alg\u00fan comentario publicado por el Usuario en el Sitio.<\/p>\n\n\n\n<p>En tal sentido, est\u00e1 prohibido a los Usuarios violar, vulnerar y\/o de cualquier forma afectar el normal uso y la seguridad del Sitio, incluyendo, pero sin limitarse a:<\/p>\n\n\n\n<p><p>a) acceder a datos que no se destinan a ese Usuario o ingresar a una computadora o a una cuenta a los cuales no est\u00e9 el Usuario autorizado para acceder;<br>b) tratar de sondear, analizar o probar la vulnerabilidad de un sistema o una red o romper medidas de seguridad o autenticaci\u00f3n sin la debida autorizaci\u00f3n;<br>c) intentar interferir con el servicio a cualquier Usuario, computadora o red, incluyendo, sin que la siguiente enumeraci\u00f3n implique limitaci\u00f3n, cuando se lo haga a trav\u00e9s de medios de env\u00edo de un virus al Sitio, sobrecarga, inundaci\u00f3n (\u00abflooding\u00bb) env\u00edo masivo de mensajes no solicitados (\u00abspamming\u00bb) env\u00edo de c\u00f3digos destructivos (\u00abmailbombing\u00bb) o anulaci\u00f3n de instrucciones del software (\u00abcrashing\u201d). Las violaciones de la seguridad del sistema o de la red pueden dar lugar a responsabilidad civil o penal. \u201cLa Empresa\u201d investigar\u00e1 sucesos que puedan implicar esas violaciones y puede involucrar a cooperar con las autoridades encargadas de hacer cumplir la ley para enjuiciar a los usuarios que participen en esas violaciones. Usted acepta no utilizar ning\u00fan dispositivo, software o rutina para interferir o intentar interferir con el buen funcionamiento de este Sitio o cualquier actividad que se lleve a cabo en este Sitio.<\/p>\n<h4>TERMINACI\u00d3N:<\/h4><\/p>\n\n\n\n<p>\u201cLa Empresa\u201d se reserva el derecho, a su exclusiva discreci\u00f3n, y sin necesidad de aviso o notificaci\u00f3n al usuario, para a) Terminar definitivamente el presente contrato y b) Descontinuar o dejar de publicar definitivamente el sitio web www.leocut.com.ar sin responsabilidad alguna para \u201cLa Empresa\u201d, sus afiliados o proveedores.<\/p>\n\n\n\n<p><h4>SUBSISTENCIA:<\/h4><\/p>\n\n\n\n<p>Estos T\u00e9rminos y Condiciones de Uso, as\u00ed como los t\u00e9rminos adicionales, constituyen el acuerdo \u00edntegro entre las partes, y sustituye cualquier otro acuerdo o contrato celebrado con anterioridad. Cualquier cl\u00e1usula o provisi\u00f3n del presente contrato, as\u00ed como de los t\u00e9rminos adicionales, legalmente declarada inv\u00e1lida, ser\u00e1 eliminada o modificada a elecci\u00f3n de \u201cLa Empresa\u201d, con la finalidad de corregir su vicio o defecto. Sin embargo, el resto de las cl\u00e1usulas o provisiones mantendr\u00e1n su fuerza, obligatoriedad y validez.<\/p>\n\n\n\n<p><h4>LEY APLICABLE, JURISDICCI\u00d3N Y COMPETENCIA:<\/h4><\/p>\n\n\n\n<p>Las partes entienden que el presente contrato ha sido celebrado en la Ciudad de Mendoza, someti\u00e9ndose en consecuencia a la justicia ordinaria de dicha Ciudad para la resoluci\u00f3n de cualquier conflicto vinculado a la contrataci\u00f3n que se desprende de las operaciones de compra-venta a realizar mediante el sitio www.leocut.com.ar. Ello salvo que alguna ley especifica establezca la competencia de Tribunales espec\u00edficos con asiento en otro lugar de la Rep\u00fablica Argentina.<\/p>\n\n\n\n<p><h4>NOTIFICACIONES:<\/h4><\/p>\n\n\n\n<p>Todas las notificaciones vinculadas con los presentes T\u00e9rminos y Condiciones se considerar\u00e1n notificadas a los usuarios con la mera publicaci\u00f3n de las mismas en el sitio.<\/p>\n\n\n\n<p>Las notificaciones que los usuarios pretendan cursar al sitio deber\u00e1n ser remitidas a Sargento Cabral 304 de la ciudad de Mendoza, el cual ser\u00e1 considerado su domicilio constituido.<\/p>\n\n\n\n<p><h4>Ante cualquier duda, puede contactarnos a info@leocut.com.ar.<\/h4><\/p>\n","protected":false},"excerpt":{"rendered":"<p>Las presentes disposiciones generales ser\u00e1n aplicables y regir\u00e1n para poder operar en el sitio y\/o bien hacer uso de los servicios que se ofrecen en www.leocut.com.ar (en adelante, indistintamente, \u201cel sitio\u201d o LEOCUT), el cual es operado por EL CORTE [&hellip;]<\/p>\n","protected":false},"author":2,"featured_media":0,"parent":1564,"menu_order":0,"comment_status":"closed","ping_status":"closed","template":"","meta":{"footnotes":""},"class_list":["post-2852","page","type-page","status-publish","hentry"],"_links":{"self":[{"href":"https:\/\/leocut.com.ar\/web\/wp-json\/wp\/v2\/pages\/2852","targetHints":{"allow":["GET"]}}],"collection":[{"href":"https:\/\/leocut.com.ar\/web\/wp-json\/wp\/v2\/pages"}],"about":[{"href":"https:\/\/leocut.com.ar\/web\/wp-json\/wp\/v2\/types\/page"}],"author":[{"embeddable":true,"href":"https:\/\/leocut.com.ar\/web\/wp-json\/wp\/v2\/users\/2"}],"replies":[{"embeddable":true,"href":"https:\/\/leocut.com.ar\/web\/wp-json\/wp\/v2\/comments?post=2852"}],"version-history":[{"count":6,"href":"https:\/\/leocut.com.ar\/web\/wp-json\/wp\/v2\/pages\/2852\/revisions"}],"predecessor-version":[{"id":30244,"href":"https:\/\/leocut.com.ar\/web\/wp-json\/wp\/v2\/pages\/2852\/revisions\/30244"}],"up":[{"embeddable":true,"href":"https:\/\/leocut.com.ar\/web\/wp-json\/wp\/v2\/pages\/1564"}],"wp:attachment":[{"href":"https:\/\/leocut.com.ar\/web\/wp-json\/wp\/v2\/media?parent=2852"}],"curies":[{"name":"wp","href":"https:\/\/api.w.org\/{rel}","templated":true}]}}