{"id":7706,"date":"2020-07-03T15:56:06","date_gmt":"2020-07-03T18:56:06","guid":{"rendered":"https:\/\/leocut.com.ar\/web\/?page_id=7706"},"modified":"2025-06-03T14:42:24","modified_gmt":"2025-06-03T17:42:24","slug":"preciojoven","status":"publish","type":"page","link":"https:\/\/leocut.com.ar\/web\/promos-2\/preciojoven\/","title":{"rendered":"LEOCUT Precio J\u00f3ven!"},"content":{"rendered":"<div class=\"wpb-content-wrapper\"><p>[vc_row][vc_column width=\u00bb1\/2&#8243;]<div class=\"mkdf-section-title-holder  mkdf-light mkdf-st-standard mkdf-st-title-left mkdf-st-normal-space \" style=\"text-align: left\">\n    <div class=\"mkdf-st-inner\">\n\n                    <var class=\"mkdf-st-background-text\" style=\"font-size:225px\" id=\"mkdf-st-background-text-61\" >\n            Precio Joven            <\/var>\n        \n        \n        \n    <\/div>\n<\/div>[\/vc_column][vc_column width=\u00bb1\/2&#8243;][vc_column_text css=\u00bb\u00bb]\n<span class=\"mkdf-dropcaps mkdf-square\" style=\"background-color: #c59d5f\">\n\tS<\/span>i tenes menos de 25 a\u00f1os, todos los martes tenes un 20% de descuento abonando en efectivo en todos nuestros servicios.<\/p>\n<p><strong>\u00bfC\u00d3MO LO OBTENGO?<\/strong><\/p>\n<p>\u00a1S\u00f3lo ten\u00e9s que presentar tu DNI y listo! Tu descuento est\u00e1 listo[\/vc_column_text][\/vc_column][\/vc_row]<\/p>\n<\/div>","protected":false},"excerpt":{"rendered":"<p>[vc_row][vc_column width=\u00bb1\/2&#8243;][\/vc_column][vc_column width=\u00bb1\/2&#8243;][vc_column_text css=\u00bb\u00bb]i tenes menos de 25 a\u00f1os, todos los martes tenes un 20% de descuento abonando en efectivo en todos nuestros servicios. \u00bfC\u00d3MO LO OBTENGO? \u00a1S\u00f3lo ten\u00e9s que presentar tu DNI y listo! Tu descuento est\u00e1 listo[\/vc_column_text][\/vc_column][\/vc_row]<\/p>\n","protected":false},"author":2,"featured_media":0,"parent":4526,"menu_order":0,"comment_status":"closed","ping_status":"closed","template":"","meta":{"footnotes":""},"class_list":["post-7706","page","type-page","status-publish","hentry"],"_links":{"self":[{"href":"https:\/\/leocut.com.ar\/web\/wp-json\/wp\/v2\/pages\/7706","targetHints":{"allow":["GET"]}}],"collection":[{"href":"https:\/\/leocut.com.ar\/web\/wp-json\/wp\/v2\/pages"}],"about":[{"href":"https:\/\/leocut.com.ar\/web\/wp-json\/wp\/v2\/types\/page"}],"author":[{"embeddable":true,"href":"https:\/\/leocut.com.ar\/web\/wp-json\/wp\/v2\/users\/2"}],"replies":[{"embeddable":true,"href":"https:\/\/leocut.com.ar\/web\/wp-json\/wp\/v2\/comments?post=7706"}],"version-history":[{"count":12,"href":"https:\/\/leocut.com.ar\/web\/wp-json\/wp\/v2\/pages\/7706\/revisions"}],"predecessor-version":[{"id":30226,"href":"https:\/\/leocut.com.ar\/web\/wp-json\/wp\/v2\/pages\/7706\/revisions\/30226"}],"up":[{"embeddable":true,"href":"https:\/\/leocut.com.ar\/web\/wp-json\/wp\/v2\/pages\/4526"}],"wp:attachment":[{"href":"https:\/\/leocut.com.ar\/web\/wp-json\/wp\/v2\/media?parent=7706"}],"curies":[{"name":"wp","href":"https:\/\/api.w.org\/{rel}","templated":true}]}}