{"id":12677,"date":"1970-01-01T00:00:00","date_gmt":"1970-01-01T03:00:00","guid":{"rendered":"https:\/\/leocut.com.ar\/web\/?post_type=product&#038;p=12677"},"modified":"2026-04-02T16:37:11","modified_gmt":"2026-04-02T19:37:11","slug":"beauty-pack-mechas-balayage-premium","status":"publish","type":"product","link":"https:\/\/leocut.com.ar\/web\/leocutstore\/beauty-packs\/beauty-pack-mechas-balayage-premium\/","title":{"rendered":"Beauty Pack Mechas Balayage Largo PREMIUM"},"content":{"rendered":"<p><strong>Consideraciones:<\/strong><\/p>\n<ul>\n<li>Esta promoci\u00f3n no se vende en los locales y es exclusiva de nuestra tienda ON-LINE.<\/li>\n<li>Una vez realizada tu compra deber\u00e1s esperar 24 hs para acercarte a uno de nuestros locales para poder realizarte el servicio.<\/li>\n<li>Una vez realizada tu compra tendr\u00e1s 30 d\u00edas m\u00e1ximo para acercarte a uno de nuestros locales para poder realizarte el servicio.<\/li>\n<li>El cliente debe presentar el c\u00f3digo expedido por Mercado Pago.<\/li>\n<\/ul>\n","protected":false},"excerpt":{"rendered":"<p>Incluye:<\/p>\n<ul>\n<li>Diagn\u00f3sis capilar<\/li>\n<li>Visagismo<\/li>\n<li>Balayage L`Oreal Blond Studio<\/li>\n<li>Tinta L\u00b4Oreal Professionnel \/ Alfa Parf (Ba\u00f1o de Luz)<\/li>\n<li>Nutrirevelador L\u00b4Oreal Professionnel Blond Studio<\/li>\n<li>Lavado KERASTASE \/ MOROCCANOIL<\/li>\n<li>M\u00e1scara KERASTASE \/ MOROCCANOIL<\/li>\n<li>Tratamiento OLAPLEX<\/li>\n<li>Protector t\u00e9rmico<\/li>\n<li>Serum<\/li>\n<li><a href=\"https:\/\/leocut.com.ar\/web\/promociones-2\/garantia-leocut\/\">Garant\u00eda de satisfacci\u00f3n<\/a><\/li>\n<\/ul>\n<p>&nbsp;<\/p>\n","protected":false},"featured_media":30545,"template":"","meta":[],"product_brand":[],"product_cat":[436],"product_tag":[465,478,477,463,476,114,464,203,460,479,475,474],"giftcard-category":[],"class_list":{"0":"post-12677","1":"product","2":"type-product","3":"status-publish","4":"has-post-thumbnail","6":"product_cat-beauty-packs","7":"product_tag-balayage","8":"product_tag-brillante","9":"product_tag-calido","10":"product_tag-color","11":"product_tag-dorado","12":"product_tag-kerastase","13":"product_tag-loreal","14":"product_tag-mechas","15":"product_tag-olaplex","16":"product_tag-sano","17":"product_tag-sedoso","18":"product_tag-suave","20":"first","21":"instock","22":"featured","23":"virtual","24":"purchasable","25":"product-type-simple"},"_links":{"self":[{"href":"https:\/\/leocut.com.ar\/web\/wp-json\/wp\/v2\/product\/12677","targetHints":{"allow":["GET"]}}],"collection":[{"href":"https:\/\/leocut.com.ar\/web\/wp-json\/wp\/v2\/product"}],"about":[{"href":"https:\/\/leocut.com.ar\/web\/wp-json\/wp\/v2\/types\/product"}],"wp:featuredmedia":[{"embeddable":true,"href":"https:\/\/leocut.com.ar\/web\/wp-json\/wp\/v2\/media\/30545"}],"wp:attachment":[{"href":"https:\/\/leocut.com.ar\/web\/wp-json\/wp\/v2\/media?parent=12677"}],"wp:term":[{"taxonomy":"product_brand","embeddable":true,"href":"https:\/\/leocut.com.ar\/web\/wp-json\/wp\/v2\/product_brand?post=12677"},{"taxonomy":"product_cat","embeddable":true,"href":"https:\/\/leocut.com.ar\/web\/wp-json\/wp\/v2\/product_cat?post=12677"},{"taxonomy":"product_tag","embeddable":true,"href":"https:\/\/leocut.com.ar\/web\/wp-json\/wp\/v2\/product_tag?post=12677"},{"taxonomy":"giftcard-category","embeddable":true,"href":"https:\/\/leocut.com.ar\/web\/wp-json\/wp\/v2\/giftcard-category?post=12677"}],"curies":[{"name":"wp","href":"https:\/\/api.w.org\/{rel}","templated":true}]}}