{"id":15286,"date":"2021-08-12T16:58:31","date_gmt":"2021-08-12T19:58:31","guid":{"rendered":"https:\/\/leocut.com.ar\/web\/?post_type=product&#038;p=15286"},"modified":"2026-01-16T16:30:28","modified_gmt":"2026-01-16T19:30:28","slug":"beauty-repair-leocut-cirugia-capilar-premium","status":"publish","type":"product","link":"https:\/\/leocut.com.ar\/web\/leocutstore\/beauty-repair\/beauty-repair-leocut-cirugia-capilar-premium\/","title":{"rendered":"Beauty Repair LEOCUT Cirug\u00eda Capilar Premium"},"content":{"rendered":"<p><strong>\u00bfQu\u00e9 es la Cirug\u00eda Capilar?<\/strong><\/p>\n<p>La cirug\u00eda pl\u00e1stica capilar es una de las nuevas tendencias para el cuidado del cabello que est\u00e1 en boga ya que al aplicar el tratamiento ayuda a disminuir el frizz que tanto atormenta a las mujeres, en consecuencia \u00e9ste nuevo tratamiento favorece al alisado del cabello, regenerando las c\u00e9lulas de la cut\u00edcula aportando prote\u00ednas fibrosas a su corteza y dando como resultado el rejuvenecimiento del cabello, suavidad y brillo extremo.<\/p>\n<p>Resalta los cabellos coloreados, destacando el color en HD acentuando los tonos de una manera espectacular.<\/p>\n<p>Ayuda a que el cabello pierda el frizz hidratando el cabello reseco qu\u00edmicamente tratado, logrando un cabello manejable obteniendo un look mucho m\u00e1s agradable y natural.<\/p>\n<p><strong>Consideraciones:<\/strong><\/p>\n<ul>\n<li>Una vez realizada tu compra deber\u00e1s esperar 24 hs para acercarte a uno de nuestros locales para poder realizarte el servicio.<\/li>\n<li>Una vez realizada tu compra tendr\u00e1s 30 d\u00edas m\u00e1ximo para acercarte a uno de nuestros locales para poder realizarte el servicio.<\/li>\n<li>El cliente debe presentar el c\u00f3digo expedido por Mercado Pago.<\/li>\n<\/ul>\n","protected":false},"excerpt":{"rendered":"<p>Incluye:<\/p>\n<ul>\n<li>Lavado LC<\/li>\n<li>Cirug\u00eda capilar<\/li>\n<li>L\u00e1ser Fot\u00f3nico<\/li>\n<li>Acondicionado LC<\/li>\n<li>Ampolla de Brillo en casa<\/li>\n<li>Brushing<\/li>\n<li><a href=\"https:\/\/leocut.com.ar\/web\/promociones-2\/garantia-leocut\/\">Garant\u00eda de satisfacci\u00f3n<\/a><\/li>\n<\/ul>\n<p>&nbsp;<\/p>\n","protected":false},"featured_media":30555,"template":"","meta":[],"product_brand":[],"product_cat":[459],"product_tag":[469,480,478,519,482,449,475,474],"giftcard-category":[],"class_list":{"0":"post-15286","1":"product","2":"type-product","3":"status-publish","4":"has-post-thumbnail","6":"product_cat-beauty-repair","7":"product_tag-beauty","8":"product_tag-beauty-repair","9":"product_tag-brillante","10":"product_tag-cirugia","11":"product_tag-premium","12":"product_tag-reparacion","13":"product_tag-sedoso","14":"product_tag-suave","16":"first","17":"instock","18":"featured","19":"virtual","20":"sold-individually","21":"purchasable","22":"product-type-simple"},"_links":{"self":[{"href":"https:\/\/leocut.com.ar\/web\/wp-json\/wp\/v2\/product\/15286","targetHints":{"allow":["GET"]}}],"collection":[{"href":"https:\/\/leocut.com.ar\/web\/wp-json\/wp\/v2\/product"}],"about":[{"href":"https:\/\/leocut.com.ar\/web\/wp-json\/wp\/v2\/types\/product"}],"wp:featuredmedia":[{"embeddable":true,"href":"https:\/\/leocut.com.ar\/web\/wp-json\/wp\/v2\/media\/30555"}],"wp:attachment":[{"href":"https:\/\/leocut.com.ar\/web\/wp-json\/wp\/v2\/media?parent=15286"}],"wp:term":[{"taxonomy":"product_brand","embeddable":true,"href":"https:\/\/leocut.com.ar\/web\/wp-json\/wp\/v2\/product_brand?post=15286"},{"taxonomy":"product_cat","embeddable":true,"href":"https:\/\/leocut.com.ar\/web\/wp-json\/wp\/v2\/product_cat?post=15286"},{"taxonomy":"product_tag","embeddable":true,"href":"https:\/\/leocut.com.ar\/web\/wp-json\/wp\/v2\/product_tag?post=15286"},{"taxonomy":"giftcard-category","embeddable":true,"href":"https:\/\/leocut.com.ar\/web\/wp-json\/wp\/v2\/giftcard-category?post=15286"}],"curies":[{"name":"wp","href":"https:\/\/api.w.org\/{rel}","templated":true}]}}