{"id":24829,"date":"2023-03-29T14:31:15","date_gmt":"2023-03-29T17:31:15","guid":{"rendered":"https:\/\/leocut.com.ar\/web\/?post_type=product&#038;p=24829"},"modified":"2026-04-02T16:41:42","modified_gmt":"2026-04-02T19:41:42","slug":"beauty-repair-leocut-shock-keratinico-largo-classic","status":"publish","type":"product","link":"https:\/\/leocut.com.ar\/web\/leocutstore\/beauty-repair\/beauty-repair-leocut-shock-keratinico-largo-classic\/","title":{"rendered":"Beauty Repair LEOCUT Shock Kerat\u00ednico Largo Classic"},"content":{"rendered":"<div id=\"_5PbUYLqmAtje1sQP2dywkAk36\" class=\"mWyH1d FXMOpb\" tabindex=\"0\" role=\"button\" aria-controls=\"_5PbUYLqmAtje1sQP2dywkAk35\" aria-expanded=\"true\"><strong>\u00bfQu\u00e9 es el shock de keratina y cu\u00e1nto dura?<\/strong><\/div>\n<div id=\"_5PbUYLqmAtje1sQP2dywkAk35\" class=\"gy6Qzb oNjtBb V1sL5c\" aria-labelledby=\"_5PbUYLqmAtje1sQP2dywkAk36\">\n<div id=\"_5PbUYLqmAtje1sQP2dywkAk37\" class=\"y8URue\" data-hveid=\"CBYQBA\" data-ved=\"2ahUKEwi6qISimbHxAhVYr5UCHVkuDJIQu04oAXoECBYQBA\">\n<div id=\"15\">\n<div role=\"heading\" data-attrid=\"wa:\/description\" aria-level=\"3\" data-hveid=\"CCMQAA\">\n<div id=\"_xvjUYObWNoLL1sQPodaNuAo43\" class=\"gy6Qzb oNjtBb V1sL5c\" aria-labelledby=\"_xvjUYObWNoLL1sQPodaNuAo44\">\n<div>\n<div id=\"_xvjUYObWNoLL1sQPodaNuAo45\" class=\"y8URue\" data-hveid=\"CBYQCA\" data-ved=\"2ahUKEwjm0aOIm7HxAhWCpZUCHSFrA6cQu04oAXoECBYQCA\">\n<div id=\"18\">\n<div class=\"wDYxhc\" data-md=\"61\">\n<div class=\"LGOjhe\" role=\"heading\" data-attrid=\"wa:\/description\" aria-level=\"3\" data-hveid=\"CCQQAA\"><span class=\"ILfuVd NA6bn\"><span class=\"hgKElc\">Este es un tratamiento de modelado, no un alisado, por lo que s\u00ed necesitar\u00e1s seguir sec\u00e1ndote el cabello. La diferencia, es que ahora tu cabello ser\u00e1 m\u00e1s manejable y sec\u00e1rtelo te llevar\u00e1 menos tiempo. Si antes durabas una hora, ahora tardar\u00e1s entre 15 y 20 minutos.<\/span><\/span><\/div>\n<\/div>\n<\/div>\n<\/div>\n<\/div>\n<\/div>\n<\/div>\n<\/div>\n<\/div>\n<\/div>\n<div data-kt=\"KjDOtcXw8eSt2JsBqv2GncWV2d7xAbjq3PPnouj1G6qPr6PXn8XdQKey8cqy_LW40AE\" data-hveid=\"CBYQAw\" data-ved=\"2ahUKEwi6qISimbHxAhVYr5UCHVkuDJIQuk4oAHoECBYQAw\"><\/div>\n<div id=\"_5PbUYLqmAtje1sQP2dywkAk35\" class=\"gy6Qzb oNjtBb V1sL5c\" aria-labelledby=\"_5PbUYLqmAtje1sQP2dywkAk36\">\n<div id=\"_5PbUYLqmAtje1sQP2dywkAk37\" class=\"y8URue\" data-hveid=\"CBYQBA\" data-ved=\"2ahUKEwi6qISimbHxAhVYr5UCHVkuDJIQu04oAXoECBYQBA\">\n<div role=\"heading\" data-attrid=\"wa:\/description\" aria-level=\"3\" data-hveid=\"CCMQAA\">\n<div id=\"_5PbUYLqmAtje1sQP2dywkAk36\" class=\"mWyH1d FXMOpb\" tabindex=\"0\" role=\"button\" aria-controls=\"_5PbUYLqmAtje1sQP2dywkAk35\" aria-expanded=\"true\">\n<div class=\"cbphWd\" data-kt=\"KjDOtcXw8eSt2JsBqv2GncWV2d7xAbjq3PPnouj1G6qPr6PXn8XdQKey8cqy_LW40AE\" data-hveid=\"CBYQAw\" data-ved=\"2ahUKEwi6qISimbHxAhVYr5UCHVkuDJIQuk4oAHoECBYQAw\"><strong>\u00bfQu\u00e9 hace el shock de keratina en el pelo?<\/strong><\/div>\n<\/div>\n<div id=\"_5PbUYLqmAtje1sQP2dywkAk35\" class=\"gy6Qzb oNjtBb V1sL5c\" aria-labelledby=\"_5PbUYLqmAtje1sQP2dywkAk36\">\n<div>\n<div id=\"_5PbUYLqmAtje1sQP2dywkAk37\" class=\"y8URue\" data-hveid=\"CBYQBA\" data-ved=\"2ahUKEwi6qISimbHxAhVYr5UCHVkuDJIQu04oAXoECBYQBA\">\n<div id=\"15\">\n<div class=\"wDYxhc\" data-md=\"61\">\n<div class=\"LGOjhe\" role=\"heading\" data-attrid=\"wa:\/description\" aria-level=\"3\" data-hveid=\"CCMQAA\"><span class=\"ILfuVd NA6bn\"><span class=\"hgKElc\">Repara y nutre el cabello de forma natural, reconstruyendo la fibra capilar. El cabello est\u00e1 m\u00e1s suave y sedoso, por lo que te resultar\u00e1 m\u00e1s sencillo de peinar. Elimina el encrespamiento y evita el efecto frizz. Aumenta el brillo de nuestro cabello\u00a0y potencia su color natural.<\/span><\/span><\/div>\n<\/div>\n<\/div>\n<\/div>\n<\/div>\n<\/div>\n<\/div>\n<\/div>\n<\/div>\n<p><strong>Consideraciones:<\/strong><\/p>\n<ul>\n<li>Una vez realizada tu compra deber\u00e1s esperar 24 hs para acercarte a uno de nuestros locales para poder realizarte el servicio.<\/li>\n<li>Una vez realizada tu compra tendr\u00e1s 30 d\u00edas m\u00e1ximo para acercarte a uno de nuestros locales para poder realizarte el servicio.<\/li>\n<li>El cliente debe presentar el c\u00f3digo expedido por Mercado Pago.<\/li>\n<\/ul>\n","protected":false},"excerpt":{"rendered":"<p>Incluye:<\/p>\n<ul>\n<li>Lavado LC<\/li>\n<li>Shock de queratina<\/li>\n<li>Ampolla de Brillo en casa<\/li>\n<li>Brushing<\/li>\n<li><a href=\"https:\/\/leocut.com.ar\/web\/promociones-2\/garantia-leocut\/\">Garant\u00eda de satisfacci\u00f3n<\/a><\/li>\n<\/ul>\n<p>&nbsp;<\/p>\n","protected":false},"featured_media":30557,"template":"","meta":[],"product_brand":[],"product_cat":[459,45],"product_tag":[469,480,478,519,482,449,475,474],"giftcard-category":[],"class_list":{"0":"post-24829","1":"product","2":"type-product","3":"status-publish","4":"has-post-thumbnail","6":"product_cat-beauty-repair","7":"product_cat-beauty-sale","8":"product_tag-beauty","9":"product_tag-beauty-repair","10":"product_tag-brillante","11":"product_tag-cirugia","12":"product_tag-premium","13":"product_tag-reparacion","14":"product_tag-sedoso","15":"product_tag-suave","17":"first","18":"instock","19":"sale","20":"featured","21":"virtual","22":"purchasable","23":"product-type-simple"},"_links":{"self":[{"href":"https:\/\/leocut.com.ar\/web\/wp-json\/wp\/v2\/product\/24829","targetHints":{"allow":["GET"]}}],"collection":[{"href":"https:\/\/leocut.com.ar\/web\/wp-json\/wp\/v2\/product"}],"about":[{"href":"https:\/\/leocut.com.ar\/web\/wp-json\/wp\/v2\/types\/product"}],"wp:featuredmedia":[{"embeddable":true,"href":"https:\/\/leocut.com.ar\/web\/wp-json\/wp\/v2\/media\/30557"}],"wp:attachment":[{"href":"https:\/\/leocut.com.ar\/web\/wp-json\/wp\/v2\/media?parent=24829"}],"wp:term":[{"taxonomy":"product_brand","embeddable":true,"href":"https:\/\/leocut.com.ar\/web\/wp-json\/wp\/v2\/product_brand?post=24829"},{"taxonomy":"product_cat","embeddable":true,"href":"https:\/\/leocut.com.ar\/web\/wp-json\/wp\/v2\/product_cat?post=24829"},{"taxonomy":"product_tag","embeddable":true,"href":"https:\/\/leocut.com.ar\/web\/wp-json\/wp\/v2\/product_tag?post=24829"},{"taxonomy":"giftcard-category","embeddable":true,"href":"https:\/\/leocut.com.ar\/web\/wp-json\/wp\/v2\/giftcard-category?post=24829"}],"curies":[{"name":"wp","href":"https:\/\/api.w.org\/{rel}","templated":true}]}}