{"id":24832,"date":"2023-03-29T14:45:01","date_gmt":"2023-03-29T17:45:01","guid":{"rendered":"https:\/\/leocut.com.ar\/web\/?post_type=product&#038;p=24832"},"modified":"2026-04-02T16:38:51","modified_gmt":"2026-04-02T19:38:51","slug":"beauty-repair-leocut-botox-capilar-basic","status":"publish","type":"product","link":"https:\/\/leocut.com.ar\/web\/leocutstore\/beauty-repair\/beauty-repair-leocut-botox-capilar-basic\/","title":{"rendered":"Beauty Repair LEOCUT  Botox Capilar Largo Basic"},"content":{"rendered":"<p><strong>\u00bfQu\u00e9 es el tratamiento Botox Capilar?<\/strong><\/p>\n<p>El botox capilar es un tipo de tratamiento intensivo que hidrata y le da brillo al cabello, dej\u00e1ndolo m\u00e1s bonito, un poco m\u00e1s liso y sin frizz . A pesar de que el nombre de este tratamiento contiene la palabra botox, estos productos no contienen la toxina botul\u00ednica (que es la que se encuentra en las las inyecciones para la piel), teniendo este nombre porque renueva el cabello corrigiendo los da\u00f1os, tal como ocurre en el tratamiento que se realiza en la piel.<\/p>\n<p>Este tratamiento ayuda a nutrir el cabello con prote\u00ednas y vitaminas haciendo que se hidrate y sea menos quebradizo.<\/p>\n<p><strong>Consideraciones:<\/strong><\/p>\n<ul>\n<li>Una vez realizada tu compra deber\u00e1s esperar 24 hs para acercarte a uno de nuestros locales para poder realizarte el servicio.<\/li>\n<li>Una vez realizada tu compra tendr\u00e1s 30 d\u00edas m\u00e1ximo para acercarte a uno de nuestros locales para poder realizarte el servicio.<\/li>\n<li>El cliente debe presentar el c\u00f3digo expedido por Mercado Pago.<\/li>\n<\/ul>\n","protected":false},"excerpt":{"rendered":"<p>Incluye:<\/p>\n<ul>\n<li>Lavado LC<\/li>\n<li>Botox capilar<\/li>\n<li>Plancha<\/li>\n<li><a href=\"https:\/\/leocut.com.ar\/web\/promociones-2\/garantia-leocut\/\">Garant\u00eda de satisfacci\u00f3n<\/a><\/li>\n<\/ul>\n<p>&nbsp;<\/p>\n","protected":false},"featured_media":30549,"template":"","meta":[],"product_brand":[],"product_cat":[459],"product_tag":[469,480,481,478,482,449,475,474],"giftcard-category":[],"class_list":{"0":"post-24832","1":"product","2":"type-product","3":"status-publish","4":"has-post-thumbnail","6":"product_cat-beauty-repair","7":"product_tag-beauty","8":"product_tag-beauty-repair","9":"product_tag-botox","10":"product_tag-brillante","11":"product_tag-premium","12":"product_tag-reparacion","13":"product_tag-sedoso","14":"product_tag-suave","16":"first","17":"instock","18":"featured","19":"virtual","20":"sold-individually","21":"purchasable","22":"product-type-simple"},"_links":{"self":[{"href":"https:\/\/leocut.com.ar\/web\/wp-json\/wp\/v2\/product\/24832","targetHints":{"allow":["GET"]}}],"collection":[{"href":"https:\/\/leocut.com.ar\/web\/wp-json\/wp\/v2\/product"}],"about":[{"href":"https:\/\/leocut.com.ar\/web\/wp-json\/wp\/v2\/types\/product"}],"wp:featuredmedia":[{"embeddable":true,"href":"https:\/\/leocut.com.ar\/web\/wp-json\/wp\/v2\/media\/30549"}],"wp:attachment":[{"href":"https:\/\/leocut.com.ar\/web\/wp-json\/wp\/v2\/media?parent=24832"}],"wp:term":[{"taxonomy":"product_brand","embeddable":true,"href":"https:\/\/leocut.com.ar\/web\/wp-json\/wp\/v2\/product_brand?post=24832"},{"taxonomy":"product_cat","embeddable":true,"href":"https:\/\/leocut.com.ar\/web\/wp-json\/wp\/v2\/product_cat?post=24832"},{"taxonomy":"product_tag","embeddable":true,"href":"https:\/\/leocut.com.ar\/web\/wp-json\/wp\/v2\/product_tag?post=24832"},{"taxonomy":"giftcard-category","embeddable":true,"href":"https:\/\/leocut.com.ar\/web\/wp-json\/wp\/v2\/giftcard-category?post=24832"}],"curies":[{"name":"wp","href":"https:\/\/api.w.org\/{rel}","templated":true}]}}