{"id":29270,"date":"2024-09-25T15:02:09","date_gmt":"2024-09-25T18:02:09","guid":{"rendered":"https:\/\/leocut.com.ar\/web\/?post_type=product&#038;p=29270"},"modified":"2026-01-16T16:21:31","modified_gmt":"2026-01-16T19:21:31","slug":"beauty-repair-kerastase-premiere-premium","status":"publish","type":"product","link":"https:\/\/leocut.com.ar\/web\/leocutstore\/beauty-repair\/beauty-repair-kerastase-premiere-premium\/","title":{"rendered":"Beauty Repair Kerastase Premiere Premium"},"content":{"rendered":"<p><b>Rutina para cabello da\u00f1ado fino a medio Primer K\u00e9rastase<\/b><\/p>\n<p><b>Rutina para cabello muy seco fino a medio para aportar nutrici\u00f3n, reconstruir la barrera natural del cabello y brindar brillo y suavidad<\/b><\/p>\n<p><strong>1.\u00a0 \u00a0PREPARAR<\/strong>: El Concentrado Desincrustante Ultra-Reparador es un tratamiento pre-champ\u00fa concentrado en \u00e1cidos puros con doble acci\u00f3n desincrustante y ultra-reparadora para todo tipo de cabello da\u00f1ado. Elimina el exceso de calcio responsable de la rotura en la superficie y en el interior del cabello, y reconstruye los puentes internos de la fibra.<br \/>\n<strong>Aplicaci\u00f3n<\/strong>: Aplicar generosamente sobre las longitudes h\u00famedas antes del champ\u00fa y masajear. Dejar actuar durante 5 minutos. No aclarar. Aplicar en capas el Ba\u00f1o Primer para maximizar la eficacia. Enjuagar y continuar con el Acondicionador o la Mascarilla Primer.<\/p>\n<p><strong>2.\u00a0 \u00a0BA\u00d1AR<\/strong>: El Ba\u00f1o Desincrustante Reparador es un champ\u00fa concentrado en \u00e1cidos puros para todo tipo de cabello da\u00f1ado. Elimina el exceso de calcio responsable de la rotura en la superficie y en el interior del cabello, y reconstruye los puentes internos de la fibra*. Su eficacia se maximiza cuando se utiliza en capas con el Concentrado Desincrustante Ultra-Reparador.<br \/>\n<strong>Aplicaci\u00f3n<\/strong>: Comenzar aplicando sobre el cabello mojado el Concentrado Desincrustante Ultra-Reparador y dejar actuar 5 minutos. Luego, superponer el Ba\u00f1o Desincrustante Reparador, masajear y emulsionar. Enjuagar abundantemente. Continuar con el Acondicionador o la Mascarilla Primer.<\/p>\n<p><strong>3.\u00a0 \u00a0TRATAR<\/strong>: El Acondicionador Fluidez Reparador es un tratamiento anti-rigidez, desincrustante y reparador para cabellos da\u00f1ados finos a medios. Elimina el exceso de calcio responsable de la rotura en la superficie y en el interior del cabello para facilitar la reconstrucci\u00f3n de los puentes internos de la fibra*. Envuelve con suavidad, hidrata y fortalece el cabello, aport\u00e1ndole m\u00e1s fluidez y flexibilidad.<br \/>\n<strong>Aplicaci\u00f3n<\/strong>: Despu\u00e9s de aplicar la Mascarilla, aplicar una nuez sobre el cabello secado con toalla, seg\u00fan la longitud y el grosor del cabello. Aplicar hasta las puntas, peinar para distribuir uniformemente el producto. Secar con secador o al aire. Completar la rutina con el Concentrado Puntas Secas para una acci\u00f3n espec\u00edfica en las puntas.<\/p>\n<p><strong>Consideraciones:<\/strong><\/p>\n<ul>\n<li>Una vez realizada tu compra deber\u00e1s esperar 24 hs para acercarte a uno de nuestros locales para poder realizarte el servicio.<\/li>\n<li>Una vez realizada tu compra tendr\u00e1s 30 d\u00edas m\u00e1ximo para acercarte a uno de nuestros locales para poder realizarte el servicio.<\/li>\n<li>El cliente debe presentar el c\u00f3digo expedido por Mercado Pago.<\/li>\n<\/ul>\n","protected":false},"excerpt":{"rendered":"<p>Incluye:<\/p>\n<ul>\n<li>Lavado Kerastase PRE Bain Premier 1 (Pre-lavado)<\/li>\n<li>Lavado Kerastase PRE Bain Premier 2<\/li>\n<li>Tratamiento Kerastase PRE Premiere 3 Resurfacant<\/li>\n<li>M\u00e1scara Kerastase PRE Premiere 4 Filler Reparateur<\/li>\n<li>Serum<\/li>\n<li>Protector T\u00e9rmico<\/li>\n<li><a href=\"https:\/\/leocut.com.ar\/web\/promociones-2\/garantia-leocut\/\">Garant\u00eda de satisfacci\u00f3n<\/a><\/li>\n<\/ul>\n<p>&nbsp;<\/p>\n","protected":false},"featured_media":30563,"template":"","meta":[],"product_brand":[],"product_cat":[459],"product_tag":[469,480,478,194,495,519,482,457,651,449,483,479,475,494,474,488],"giftcard-category":[],"class_list":{"0":"post-29270","1":"product","2":"type-product","3":"status-publish","4":"has-post-thumbnail","6":"product_cat-beauty-repair","7":"product_tag-beauty","8":"product_tag-beauty-repair","9":"product_tag-brillante","10":"product_tag-brillo","11":"product_tag-calidad","12":"product_tag-cirugia","13":"product_tag-premium","14":"product_tag-progresivo","15":"product_tag-protector","16":"product_tag-reparacion","17":"product_tag-ritual","18":"product_tag-sano","19":"product_tag-sedoso","20":"product_tag-servicio","21":"product_tag-suave","22":"product_tag-suavidad","24":"first","25":"instock","26":"featured","27":"virtual","28":"sold-individually","29":"purchasable","30":"product-type-simple"},"_links":{"self":[{"href":"https:\/\/leocut.com.ar\/web\/wp-json\/wp\/v2\/product\/29270","targetHints":{"allow":["GET"]}}],"collection":[{"href":"https:\/\/leocut.com.ar\/web\/wp-json\/wp\/v2\/product"}],"about":[{"href":"https:\/\/leocut.com.ar\/web\/wp-json\/wp\/v2\/types\/product"}],"wp:featuredmedia":[{"embeddable":true,"href":"https:\/\/leocut.com.ar\/web\/wp-json\/wp\/v2\/media\/30563"}],"wp:attachment":[{"href":"https:\/\/leocut.com.ar\/web\/wp-json\/wp\/v2\/media?parent=29270"}],"wp:term":[{"taxonomy":"product_brand","embeddable":true,"href":"https:\/\/leocut.com.ar\/web\/wp-json\/wp\/v2\/product_brand?post=29270"},{"taxonomy":"product_cat","embeddable":true,"href":"https:\/\/leocut.com.ar\/web\/wp-json\/wp\/v2\/product_cat?post=29270"},{"taxonomy":"product_tag","embeddable":true,"href":"https:\/\/leocut.com.ar\/web\/wp-json\/wp\/v2\/product_tag?post=29270"},{"taxonomy":"giftcard-category","embeddable":true,"href":"https:\/\/leocut.com.ar\/web\/wp-json\/wp\/v2\/giftcard-category?post=29270"}],"curies":[{"name":"wp","href":"https:\/\/api.w.org\/{rel}","templated":true}]}}