{"id":29277,"date":"2024-09-25T15:15:31","date_gmt":"2024-09-25T18:15:31","guid":{"rendered":"https:\/\/leocut.com.ar\/web\/?post_type=product&#038;p=29277"},"modified":"2026-01-16T16:31:39","modified_gmt":"2026-01-16T19:31:39","slug":"beauty-repair-loreal-absolut-repair-molecular-classic","status":"publish","type":"product","link":"https:\/\/leocut.com.ar\/web\/leocutstore\/beauty-repair\/beauty-repair-loreal-absolut-repair-molecular-classic\/","title":{"rendered":"Beauty Repair L\u00b4Oreal Absolut Repair Molecular Classic"},"content":{"rendered":"<p>Cuando el cabello se da\u00f1a, su estructura molecular, compuesta de p\u00e9ptidos, se ve comprometida. Pero la mayor\u00eda de los p\u00e9ptidos son demasiado grandes para ser reinyectados en la fibra, lo que hace que el da\u00f1o sea casi irreversible. Descubrimiento cient\u00edfico &#8211; Absolut Repair Molecular. Repara 2 a\u00f1os de da\u00f1os en un solo uso*. Por primera vez, la Investigaci\u00f3n Avanzada de L&#8217;Or\u00e9al ha conseguido descomponer los p\u00e9ptidos, para inyectar sus componentes por separado en la fibra. Una vez dentro, reforman y reconstruyen la estructura macromolecular del cabello. Para unos resultados \u00f3ptimos, aplicar a continuaci\u00f3n Absolut Repair Molecular s\u00e9rum con aclarado y mascarilla sin aclarado. Formulado con un Reparador de enlaces + 5 Amino\u00e1cidos, repara la estructura macromolecular del cabello. El cabello queda m\u00e1s fuerte y nutrido, con mayor elasticidad y movimiento natural y +86% de hidrataci\u00f3n.<\/p>\n<p>&nbsp;<\/p>\n<p><strong>Consideraciones:<\/strong><\/p>\n<ul>\n<li>Una vez realizada tu compra deber\u00e1s esperar 24 hs para acercarte a uno de nuestros locales para poder realizarte el servicio.<\/li>\n<li>Una vez realizada tu compra tendr\u00e1s 30 d\u00edas m\u00e1ximo para acercarte a uno de nuestros locales para poder realizarte el servicio.<\/li>\n<li>El cliente debe presentar el c\u00f3digo expedido por Mercado Pago.<\/li>\n<\/ul>\n","protected":false},"excerpt":{"rendered":"<p>Incluye:<\/p>\n<ul>\n<li>Tratamiento L\u00b4Oreal Absolut Repair Molecular<\/li>\n<li>Lavado L&#8217;Oreal SE Absolut Repair Molecular<\/li>\n<li>M\u00e1scara L&#8217;Oreal Absolut Repair Molecular<\/li>\n<li>Brushing<\/li>\n<li>Serum<\/li>\n<li>Protector T\u00e9rmico<\/li>\n<li><a href=\"https:\/\/leocut.com.ar\/web\/promociones-2\/garantia-leocut\/\">Garant\u00eda de satisfacci\u00f3n<\/a><\/li>\n<\/ul>\n<p>&nbsp;<\/p>\n","protected":false},"featured_media":30560,"template":"","meta":[],"product_brand":[],"product_cat":[459],"product_tag":[469,480,478,194,495,519,482,457,651,449,483,479,475,494,474,488],"giftcard-category":[],"class_list":{"0":"post-29277","1":"product","2":"type-product","3":"status-publish","4":"has-post-thumbnail","6":"product_cat-beauty-repair","7":"product_tag-beauty","8":"product_tag-beauty-repair","9":"product_tag-brillante","10":"product_tag-brillo","11":"product_tag-calidad","12":"product_tag-cirugia","13":"product_tag-premium","14":"product_tag-progresivo","15":"product_tag-protector","16":"product_tag-reparacion","17":"product_tag-ritual","18":"product_tag-sano","19":"product_tag-sedoso","20":"product_tag-servicio","21":"product_tag-suave","22":"product_tag-suavidad","24":"first","25":"instock","26":"featured","27":"virtual","28":"sold-individually","29":"purchasable","30":"product-type-simple"},"_links":{"self":[{"href":"https:\/\/leocut.com.ar\/web\/wp-json\/wp\/v2\/product\/29277","targetHints":{"allow":["GET"]}}],"collection":[{"href":"https:\/\/leocut.com.ar\/web\/wp-json\/wp\/v2\/product"}],"about":[{"href":"https:\/\/leocut.com.ar\/web\/wp-json\/wp\/v2\/types\/product"}],"wp:featuredmedia":[{"embeddable":true,"href":"https:\/\/leocut.com.ar\/web\/wp-json\/wp\/v2\/media\/30560"}],"wp:attachment":[{"href":"https:\/\/leocut.com.ar\/web\/wp-json\/wp\/v2\/media?parent=29277"}],"wp:term":[{"taxonomy":"product_brand","embeddable":true,"href":"https:\/\/leocut.com.ar\/web\/wp-json\/wp\/v2\/product_brand?post=29277"},{"taxonomy":"product_cat","embeddable":true,"href":"https:\/\/leocut.com.ar\/web\/wp-json\/wp\/v2\/product_cat?post=29277"},{"taxonomy":"product_tag","embeddable":true,"href":"https:\/\/leocut.com.ar\/web\/wp-json\/wp\/v2\/product_tag?post=29277"},{"taxonomy":"giftcard-category","embeddable":true,"href":"https:\/\/leocut.com.ar\/web\/wp-json\/wp\/v2\/giftcard-category?post=29277"}],"curies":[{"name":"wp","href":"https:\/\/api.w.org\/{rel}","templated":true}]}}